{"id":1089,"date":"2025-06-20T09:51:58","date_gmt":"2025-06-20T08:51:58","guid":{"rendered":"https:\/\/trust-investments.pt\/news\/"},"modified":"2025-07-01T17:09:30","modified_gmt":"2025-07-01T16:09:30","slug":"news","status":"publish","type":"page","link":"https:\/\/trust-investments.pt\/en\/news\/","title":{"rendered":"News"},"content":{"rendered":"\t\t<div data-elementor-type=\"wp-page\" data-elementor-id=\"1089\" class=\"elementor elementor-1089 elementor-1031\" data-elementor-post-type=\"page\">\n\t\t\t\t\t\t<section class=\"elementor-section elementor-top-section elementor-element elementor-element-6043c1a8 elementor-section-boxed elementor-section-height-default elementor-section-height-default\" data-id=\"6043c1a8\" data-element_type=\"section\" data-settings=\"{&quot;background_background&quot;:&quot;classic&quot;}\">\n\t\t\t\t\t\t\t<div class=\"elementor-background-overlay\"><\/div>\n\t\t\t\t\t\t\t<div class=\"elementor-container elementor-column-gap-default\">\n\t\t\t\t\t<div class=\"elementor-column elementor-col-100 elementor-top-column elementor-element elementor-element-5890a763\" data-id=\"5890a763\" data-element_type=\"column\">\n\t\t\t<div class=\"elementor-widget-wrap elementor-element-populated\">\n\t\t\t\t\t\t<section class=\"elementor-section elementor-inner-section elementor-element elementor-element-5e62875c elementor-section-boxed elementor-section-height-default elementor-section-height-default\" data-id=\"5e62875c\" data-element_type=\"section\">\n\t\t\t\t\t\t<div class=\"elementor-container elementor-column-gap-default\">\n\t\t\t\t\t<div class=\"elementor-column elementor-col-100 elementor-inner-column elementor-element elementor-element-6c27838b\" data-id=\"6c27838b\" data-element_type=\"column\">\n\t\t\t<div class=\"elementor-widget-wrap elementor-element-populated\">\n\t\t\t\t\t\t<div class=\"elementor-element elementor-element-10f32f1a elementor-widget elementor-widget-heading\" data-id=\"10f32f1a\" data-element_type=\"widget\" data-settings=\"{&quot;ekit_we_effect_on&quot;:&quot;none&quot;}\" data-widget_type=\"heading.default\">\n\t\t\t\t<div class=\"elementor-widget-container\">\n\t\t\t\t\t<h2 class=\"elementor-heading-title elementor-size-default\">News<\/h2>\t\t\t\t<\/div>\n\t\t\t\t<\/div>\n\t\t\t\t\t<\/div>\n\t\t<\/div>\n\t\t\t\t\t<\/div>\n\t\t<\/section>\n\t\t\t\t\t<\/div>\n\t\t<\/div>\n\t\t\t\t\t<\/div>\n\t\t<\/section>\n\t\t\t\t<section class=\"elementor-section elementor-top-section elementor-element elementor-element-7ed3afa2 elementor-section-boxed elementor-section-height-default elementor-section-height-default\" data-id=\"7ed3afa2\" data-element_type=\"section\" data-settings=\"{&quot;background_background&quot;:&quot;classic&quot;}\">\n\t\t\t\t\t\t\t<div class=\"elementor-background-overlay\"><\/div>\n\t\t\t\t\t\t\t<div class=\"elementor-container elementor-column-gap-default\">\n\t\t\t\t\t<div class=\"elementor-column elementor-col-100 elementor-top-column elementor-element elementor-element-6b792bc\" data-id=\"6b792bc\" data-element_type=\"column\">\n\t\t\t<div class=\"elementor-widget-wrap elementor-element-populated\">\n\t\t\t\t<div class=\"elementor-element elementor-element-ff3268e e-flex e-con-boxed e-con e-parent\" data-id=\"ff3268e\" data-element_type=\"container\">\n\t\t\t\t\t<div class=\"e-con-inner\">\n\t\t\t\t<div class=\"elementor-element elementor-element-fa67a2c elementor-widget elementor-widget-elementskit-blog-posts\" data-id=\"fa67a2c\" data-element_type=\"widget\" data-settings=\"{&quot;ekit_we_effect_on&quot;:&quot;none&quot;}\" data-widget_type=\"elementskit-blog-posts.default\">\n\t\t\t\t<div class=\"elementor-widget-container\">\n\t\t\t\t\t<div class=\"ekit-wid-con\" >\n        <div id=\"post-items--fa67a2c\" class=\"row post-items ekit-blog-posts-content wihout-masonry \" data-enable=\"no\">\n\n\t\t\t<!-- Blog Carousel markup render -->\n\t\t\t\n\n            <div class=\"col-md-12\">\n\n                                    <div class=\"elementskit-blog-block-post\">\n                        <div class=\"row no-gutters\">\n                                                            <div class=\"col-md-6 order-1\">\n                                    <a href=\"https:\/\/trust-investments.pt\/en\/2026\/04\/08\/e398000-opportunity-2-bedroom-villa-for-sale-in-vilamoura-algarve\/\" class=\"elementskit-entry-thumb\">\n                                        <img decoding=\"async\" src=\"https:\/\/trust-investments.pt\/wp-content\/uploads\/2026\/04\/MORADIA-PARA-VENDA-EM-VILAMOURA-villa-for-sale-Vilmaoura-trust-real-estate-oportunidade-buy-villa-in-algarve-1024x683.jpg\" alt=\"\u20ac399,000 Opportunity: 2-bedroom villa for sale in Vilamoura, Algarve.\">\n                                    <\/a><!-- .elementskit-entry-thumb END -->\n                                <\/div>\n                            \n                            <div class=\"col-md-6 order-2\">\n                                <div class=\"elementskit-post-body \">\n                                    <div class=\"elementskit-entry-header\">\n                                        \n                                                                                                                                                                        \n                                            \n                                            \t\t\t\t\t\t\t\t\t\t\t\t                <h2 class=\"entry-title\">\n                    <a href=\"https:\/\/trust-investments.pt\/en\/2026\/04\/08\/e398000-opportunity-2-bedroom-villa-for-sale-in-vilamoura-algarve\/\">\n                            \u20ac399,000 Opportunity: 2-bedroom villa for sale in Vilamoura, Algarve.                    <\/a>\n                <\/h2>\n                                                                                                <\/div><!-- .elementskit-entry-header END -->\n\n                                                                            <div class=\"elementskit-post-footer\">\n                                                                                            <p>Trust Real Estate sells a semi-detached 2-bedroom house. The house is spread over two floors, comprising an open-plan living and dining room with an equipped kitchen, two bathrooms, bedrooms and balconies.The house is equipped with air conditioning and has outdoor parking.With a privileged location in Vilamoura, just minutes from the Marina, Fal\u00e9sia Beach, golf courses, restaurants, supermarkets, schools and services, [&hellip;] <\/p>\n                                                                                                                                <\/div><!-- .elementskit-post-footer END -->\n                                                                    <\/div><!-- .elementskit-post-body END -->\n                            <\/div>\n                        <\/div>\n                    <\/div><!-- .elementskit-blog-block-post .radius .gradient-bg END -->\n                \n            <\/div>\t\t\t\t        <\/div>\n        \n        \n                    <div \n            data-ekit-blog-post-style=\"simple\"\n            class=\"ekit-blog-post-pagination-container ekit-blog-post-pagination-style-simple\" \n            id=\"post-nagivation--fa67a2c\">\n                <span aria-current=\"page\" class=\"page-numbers current\">1<\/span>\n<a class=\"page-numbers\" href=\"https:\/\/trust-investments.pt\/en\/wp-json\/wp\/v2\/pages\/1089\/?ekit-blog-posts-paged=2\">2<\/a>\n<a class=\"page-numbers\" href=\"https:\/\/trust-investments.pt\/en\/wp-json\/wp\/v2\/pages\/1089\/?ekit-blog-posts-paged=3\">3<\/a>\n<span class=\"page-numbers dots\">&hellip;<\/span>\n<a class=\"page-numbers\" href=\"https:\/\/trust-investments.pt\/en\/wp-json\/wp\/v2\/pages\/1089\/?ekit-blog-posts-paged=12\">12<\/a>\n<a class=\"next page-numbers\" href=\"https:\/\/trust-investments.pt\/en\/wp-json\/wp\/v2\/pages\/1089\/?ekit-blog-posts-paged=2\">Next<\/a>            <\/div>\n\n            <\/div>\t\t\t\t<\/div>\n\t\t\t\t<\/div>\n\t\t\t\t<div class=\"elementor-element elementor-element-e009ad5 elementor-posts--align-left elementor-grid-3 elementor-grid-tablet-2 elementor-grid-mobile-1 elementor-posts--thumbnail-top elementor-card-shadow-yes elementor-posts__hover-gradient elementor-widget elementor-widget-posts\" data-id=\"e009ad5\" data-element_type=\"widget\" data-settings=\"{&quot;pagination_type&quot;:&quot;load_more_infinite_scroll&quot;,&quot;cards_columns&quot;:&quot;3&quot;,&quot;cards_columns_tablet&quot;:&quot;2&quot;,&quot;cards_columns_mobile&quot;:&quot;1&quot;,&quot;cards_row_gap&quot;:{&quot;unit&quot;:&quot;px&quot;,&quot;size&quot;:35,&quot;sizes&quot;:[]},&quot;cards_row_gap_tablet&quot;:{&quot;unit&quot;:&quot;px&quot;,&quot;size&quot;:&quot;&quot;,&quot;sizes&quot;:[]},&quot;cards_row_gap_mobile&quot;:{&quot;unit&quot;:&quot;px&quot;,&quot;size&quot;:&quot;&quot;,&quot;sizes&quot;:[]},&quot;load_more_spinner&quot;:{&quot;value&quot;:&quot;fas fa-spinner&quot;,&quot;library&quot;:&quot;fa-solid&quot;},&quot;ekit_we_effect_on&quot;:&quot;none&quot;}\" data-widget_type=\"posts.cards\">\n\t\t\t\t<div class=\"elementor-widget-container\">\n\t\t\t\t\t\t\t<div class=\"elementor-posts-container elementor-posts elementor-posts--skin-cards elementor-grid\" role=\"list\">\n\t\t\t\t<article class=\"elementor-post elementor-grid-item post-3934 post type-post status-publish format-standard has-post-thumbnail hentry category-insurance tag-civil-liability tag-corporate-insurance tag-sole-proprietors tag-trust-insurance\" role=\"listitem\">\n\t\t\t<div class=\"elementor-post__card\">\n\t\t\t\t<a class=\"elementor-post__thumbnail__link\" href=\"https:\/\/trust-investments.pt\/en\/2026\/04\/24\/if-im-at-work-and-i-damage-something-in-my-clients-house-am-i-protected-trust-insurance\/\" tabindex=\"-1\" ><div class=\"elementor-post__thumbnail\"><img fetchpriority=\"high\" decoding=\"async\" width=\"300\" height=\"200\" src=\"https:\/\/trust-investments.pt\/wp-content\/uploads\/2026\/04\/trust-seguros-seguros-de-acidentes-de-trabalho-seguro-de-responsabilidade-civil-empresas-300x200.jpg\" class=\"attachment-medium size-medium wp-image-3932\" alt=\"seguro de responsabildade civil, empresas e empresarios em nome individual\" srcset=\"https:\/\/trust-investments.pt\/wp-content\/uploads\/2026\/04\/trust-seguros-seguros-de-acidentes-de-trabalho-seguro-de-responsabilidade-civil-empresas-300x200.jpg 300w, https:\/\/trust-investments.pt\/wp-content\/uploads\/2026\/04\/trust-seguros-seguros-de-acidentes-de-trabalho-seguro-de-responsabilidade-civil-empresas-1024x683.jpg 1024w, https:\/\/trust-investments.pt\/wp-content\/uploads\/2026\/04\/trust-seguros-seguros-de-acidentes-de-trabalho-seguro-de-responsabilidade-civil-empresas-768x512.jpg 768w, https:\/\/trust-investments.pt\/wp-content\/uploads\/2026\/04\/trust-seguros-seguros-de-acidentes-de-trabalho-seguro-de-responsabilidade-civil-empresas.avif 1171w\" sizes=\"(max-width: 300px) 100vw, 300px\" \/><\/div><\/a>\n\t\t\t\t<div class=\"elementor-post__text\">\n\t\t\t\t<h3 class=\"elementor-post__title\">\n\t\t\t<a href=\"https:\/\/trust-investments.pt\/en\/2026\/04\/24\/if-im-at-work-and-i-damage-something-in-my-clients-house-am-i-protected-trust-insurance\/\" >\n\t\t\t\tIf I&#8217;m at work and I damage something in my client&#8217;s house, am I protected? Trust Insurance\t\t\t<\/a>\n\t\t<\/h3>\n\t\t\t\t<div class=\"elementor-post__excerpt\">\n\t\t\t<p>If I&#8217;m at work and I damage something in my client&#8217;s house, am I protected? Insurance coverage when you damage something in a client&#8217;s home depends on your professional situation and the type of insurance you have. The most common scenarios, foreseen in these frameworks:Employee (employee)If you work for a company:As a general rule, the company&#8217;s liability insurance covers damages [&hellip;] <\/p>\n\t\t<\/div>\n\t\t\n\t\t<a class=\"elementor-post__read-more\" href=\"https:\/\/trust-investments.pt\/en\/2026\/04\/24\/if-im-at-work-and-i-damage-something-in-my-clients-house-am-i-protected-trust-insurance\/\" aria-label=\"Read more about If I&#8217;m at work and I damage something in my client&#8217;s house, am I protected? Trust Insurance\" tabindex=\"-1\" >\n\t\t\tRead More \u00bb\t\t<\/a>\n\n\t\t\t\t<\/div>\n\t\t\t\t\t<\/div>\n\t\t<\/article>\n\t\t\t\t<article class=\"elementor-post elementor-grid-item post-3915 post type-post status-publish format-standard has-post-thumbnail hentry category-credit category-insurance category-management-en category-real-estate tag-algarve-en tag-all-doubts tag-consultancy tag-invest-in-portugal tag-management-en tag-real-estate-en tag-trust-investments-en-2 tag-what-are-the-best-sectors\" role=\"listitem\">\n\t\t\t<div class=\"elementor-post__card\">\n\t\t\t\t<a class=\"elementor-post__thumbnail__link\" href=\"https:\/\/trust-investments.pt\/en\/2026\/04\/24\/thinking-about-investing-in-portugal-trust-investments\/\" tabindex=\"-1\" ><div class=\"elementor-post__thumbnail\"><img decoding=\"async\" width=\"300\" height=\"200\" src=\"https:\/\/trust-investments.pt\/wp-content\/uploads\/2026\/04\/invest-in-portugal-we-offer-all-support-management-real-estate-insurance-financing-construction-legal-advice-portiugal-algarve-trust-investments-300x200.jpg\" class=\"attachment-medium size-medium wp-image-3913\" alt=\"investir em portugal, invest in Portugal\" srcset=\"https:\/\/trust-investments.pt\/wp-content\/uploads\/2026\/04\/invest-in-portugal-we-offer-all-support-management-real-estate-insurance-financing-construction-legal-advice-portiugal-algarve-trust-investments-300x200.jpg 300w, https:\/\/trust-investments.pt\/wp-content\/uploads\/2026\/04\/invest-in-portugal-we-offer-all-support-management-real-estate-insurance-financing-construction-legal-advice-portiugal-algarve-trust-investments-1024x683.jpg 1024w, https:\/\/trust-investments.pt\/wp-content\/uploads\/2026\/04\/invest-in-portugal-we-offer-all-support-management-real-estate-insurance-financing-construction-legal-advice-portiugal-algarve-trust-investments-768x512.jpg 768w, https:\/\/trust-investments.pt\/wp-content\/uploads\/2026\/04\/invest-in-portugal-we-offer-all-support-management-real-estate-insurance-financing-construction-legal-advice-portiugal-algarve-trust-investments-1536x1024.jpg 1536w, https:\/\/trust-investments.pt\/wp-content\/uploads\/2026\/04\/invest-in-portugal-we-offer-all-support-management-real-estate-insurance-financing-construction-legal-advice-portiugal-algarve-trust-investments-2048x1365.jpg 2048w\" sizes=\"(max-width: 300px) 100vw, 300px\" \/><\/div><\/a>\n\t\t\t\t<div class=\"elementor-post__text\">\n\t\t\t\t<h3 class=\"elementor-post__title\">\n\t\t\t<a href=\"https:\/\/trust-investments.pt\/en\/2026\/04\/24\/thinking-about-investing-in-portugal-trust-investments\/\" >\n\t\t\t\tThinking about investing in Portugal? Trust Investments\t\t\t<\/a>\n\t\t<\/h3>\n\t\t\t\t<div class=\"elementor-post__excerpt\">\n\t\t\t<p>Thinking about investing in Portugal?Discover the most attractive sectors for investment:TourismPortugal continues to be a growing global destination, especially cities like Lisbon, Porto, and the Algarve region.Real EstateEven with some recent regulation, the real estate market remains attractive, particularly in urban and tourist areas.Technology and startupsLisbon has become an important technology hub, driven by events like the Web Summit.Renewable energyPortugal [&hellip;] <\/p>\n\t\t<\/div>\n\t\t\n\t\t<a class=\"elementor-post__read-more\" href=\"https:\/\/trust-investments.pt\/en\/2026\/04\/24\/thinking-about-investing-in-portugal-trust-investments\/\" aria-label=\"Read more about Thinking about investing in Portugal? Trust Investments\" tabindex=\"-1\" >\n\t\t\tRead More \u00bb\t\t<\/a>\n\n\t\t\t\t<\/div>\n\t\t\t\t\t<\/div>\n\t\t<\/article>\n\t\t\t\t<article class=\"elementor-post elementor-grid-item post-3897 post type-post status-publish format-standard has-post-thumbnail hentry category-real-estate tag-algarve-en tag-apartaments tag-land tag-offmarket-properties tag-portugal-en tag-real-estate-investment-opportunities tag-trust-real-estate-en-2 tag-villas\" role=\"listitem\">\n\t\t\t<div class=\"elementor-post__card\">\n\t\t\t\t<a class=\"elementor-post__thumbnail__link\" href=\"https:\/\/trust-investments.pt\/en\/2026\/04\/14\/the-best-properties-for-sale-arent-online-offmarket-trust-real-estate\/\" tabindex=\"-1\" ><div class=\"elementor-post__thumbnail\"><img decoding=\"async\" width=\"300\" height=\"197\" src=\"https:\/\/trust-investments.pt\/wp-content\/uploads\/2026\/04\/offmarket-properties-algarve-trust-real-estate-imobiliaria-oportunidades-de-negocios-imobiliarios-em-Portugal-300x197.png\" class=\"attachment-medium size-medium wp-image-3896\" alt=\"Imobiliaria Trust, PROPRIEDADES offmarket\" srcset=\"https:\/\/trust-investments.pt\/wp-content\/uploads\/2026\/04\/offmarket-properties-algarve-trust-real-estate-imobiliaria-oportunidades-de-negocios-imobiliarios-em-Portugal-300x197.png 300w, https:\/\/trust-investments.pt\/wp-content\/uploads\/2026\/04\/offmarket-properties-algarve-trust-real-estate-imobiliaria-oportunidades-de-negocios-imobiliarios-em-Portugal.png 676w\" sizes=\"(max-width: 300px) 100vw, 300px\" \/><\/div><\/a>\n\t\t\t\t<div class=\"elementor-post__text\">\n\t\t\t\t<h3 class=\"elementor-post__title\">\n\t\t\t<a href=\"https:\/\/trust-investments.pt\/en\/2026\/04\/14\/the-best-properties-for-sale-arent-online-offmarket-trust-real-estate\/\" >\n\t\t\t\tThe best properties for sale aren&#8217;t online. Offmarket Trust Real Estate\t\t\t<\/a>\n\t\t<\/h3>\n\t\t\t\t<div class=\"elementor-post__excerpt\">\n\t\t\t<p>Selling your property through private networks of trusted contactsTranslation PriorityThe best properties for sale aren&#8217;t online. Many owners entrust the sale of their property through private networks of trusted contacts.Not all owners want it to be known that any of their assets are for sale.If you wish to sell or buy a property, speak to Trust Real Estate.We don&#8217;t make [&hellip;] <\/p>\n\t\t<\/div>\n\t\t\n\t\t<a class=\"elementor-post__read-more\" href=\"https:\/\/trust-investments.pt\/en\/2026\/04\/14\/the-best-properties-for-sale-arent-online-offmarket-trust-real-estate\/\" aria-label=\"Read more about The best properties for sale aren&#8217;t online. Offmarket Trust Real Estate\" tabindex=\"-1\" >\n\t\t\tRead More \u00bb\t\t<\/a>\n\n\t\t\t\t<\/div>\n\t\t\t\t\t<\/div>\n\t\t<\/article>\n\t\t\t\t<\/div>\n\t\t\t\t\t<span class=\"e-load-more-spinner\">\n\t\t\t\t<svg aria-hidden=\"true\" class=\"e-font-icon-svg e-fas-spinner\" viewBox=\"0 0 512 512\" xmlns=\"http:\/\/www.w3.org\/2000\/svg\"><path d=\"M304 48c0 26.51-21.49 48-48 48s-48-21.49-48-48 21.49-48 48-48 48 21.49 48 48zm-48 368c-26.51 0-48 21.49-48 48s21.49 48 48 48 48-21.49 48-48-21.49-48-48-48zm208-208c-26.51 0-48 21.49-48 48s21.49 48 48 48 48-21.49 48-48-21.49-48-48-48zM96 256c0-26.51-21.49-48-48-48S0 229.49 0 256s21.49 48 48 48 48-21.49 48-48zm12.922 99.078c-26.51 0-48 21.49-48 48s21.49 48 48 48 48-21.49 48-48c0-26.509-21.491-48-48-48zm294.156 0c-26.51 0-48 21.49-48 48s21.49 48 48 48 48-21.49 48-48c0-26.509-21.49-48-48-48zM108.922 60.922c-26.51 0-48 21.49-48 48s21.49 48 48 48 48-21.49 48-48-21.491-48-48-48z\"><\/path><\/svg>\t\t\t<\/span>\n\t\t\n\t\t\t\t<div class=\"e-load-more-anchor\" data-page=\"1\" data-max-page=\"43\" data-next-page=\"https:\/\/trust-investments.pt\/en\/wp-json\/wp\/v2\/pages\/1089\/page\/2\/\"><\/div>\n\t\t\t\t<div class=\"e-load-more-message\"><\/div>\n\t\t\t\t\t\t<\/div>\n\t\t\t\t<\/div>\n\t\t\t\t\t<\/div>\n\t\t\t\t<\/div>\n\t\t\t\t\t<\/div>\n\t\t<\/div>\n\t\t\t\t\t<\/div>\n\t\t<\/section>\n\t\t\t\t<\/div>\n\t\t","protected":false},"excerpt":{"rendered":"<p>News Apartamento T2 para venda em Albufeira &#8211; EXCLUSIVO Apartamento composto por 2 quartos, ambos com roupeiro, parquet flutuante, 2 casas de banho, corredor de distribui\u00e7\u00e3o, cozinha equipada, sala comum com varanda.Este apartamento foi constru\u00eddo em 2003, apresenta se em excelente estado de conserva\u00e7\u00e3o, vidros duplos, ar condicionado, paredes em estuque projectado, virado para sul e com vista mar.De referir [&hellip;] <\/p>\n","protected":false},"author":1,"featured_media":0,"parent":0,"menu_order":0,"comment_status":"closed","ping_status":"closed","template":"elementor_header_footer","meta":{"footnotes":""},"class_list":["post-1089","page","type-page","status-publish","hentry"],"_links":{"self":[{"href":"https:\/\/trust-investments.pt\/en\/wp-json\/wp\/v2\/pages\/1089","targetHints":{"allow":["GET"]}}],"collection":[{"href":"https:\/\/trust-investments.pt\/en\/wp-json\/wp\/v2\/pages"}],"about":[{"href":"https:\/\/trust-investments.pt\/en\/wp-json\/wp\/v2\/types\/page"}],"author":[{"embeddable":true,"href":"https:\/\/trust-investments.pt\/en\/wp-json\/wp\/v2\/users\/1"}],"replies":[{"embeddable":true,"href":"https:\/\/trust-investments.pt\/en\/wp-json\/wp\/v2\/comments?post=1089"}],"version-history":[{"count":4,"href":"https:\/\/trust-investments.pt\/en\/wp-json\/wp\/v2\/pages\/1089\/revisions"}],"predecessor-version":[{"id":1395,"href":"https:\/\/trust-investments.pt\/en\/wp-json\/wp\/v2\/pages\/1089\/revisions\/1395"}],"wp:attachment":[{"href":"https:\/\/trust-investments.pt\/en\/wp-json\/wp\/v2\/media?parent=1089"}],"curies":[{"name":"wp","href":"https:\/\/api.w.org\/{rel}","templated":true}]}}