{"id":1267,"date":"2024-09-10T21:56:32","date_gmt":"2024-09-10T20:56:32","guid":{"rendered":"https:\/\/trust-investments.pt\/privacy-policy\/"},"modified":"2025-07-10T11:43:15","modified_gmt":"2025-07-10T10:43:15","slug":"privacy-policy","status":"publish","type":"page","link":"https:\/\/trust-investments.pt\/en\/privacy-policy\/","title":{"rendered":"Privacy Policy"},"content":{"rendered":"\t\t<div data-elementor-type=\"wp-page\" data-elementor-id=\"1267\" class=\"elementor elementor-1267 elementor-3\" data-elementor-post-type=\"page\">\n\t\t\t\t<div class=\"elementor-element elementor-element-6806820e e-flex e-con-boxed e-con e-parent\" data-id=\"6806820e\" data-element_type=\"container\">\n\t\t\t\t\t<div class=\"e-con-inner\">\n\t\t\t\t<div class=\"elementor-element elementor-element-5ce2636 elementor-widget elementor-widget-text-editor\" data-id=\"5ce2636\" data-element_type=\"widget\" data-settings=\"{&quot;ekit_we_effect_on&quot;:&quot;none&quot;}\" data-widget_type=\"text-editor.default\">\n\t\t\t\t<div class=\"elementor-widget-container\">\n\t\t\t\t\t\t\t\t\t<p><strong>PRIVACY POLICY<\/strong><\/p>\n<p>This Privacy Policy describes how Vali, Lda and Cardoso &amp; Piedade Lda., process the personal data of its customers in compliance with the provisions of the personal data protection legislation in force, according to Regulation (EU) 2016\/679 of the European Parliament and of the Council, of April 27, 2016 (\u201cGDPR\u201d)<\/p>\n<p><strong>1 \u2013 Data Collection<\/strong><\/p>\n<p>The collection and processing of our customers\u2019 personal data is done only for lawful purposes, within the scope of the development of our commercial activity, always informing the data subject, clearly and precisely, of the purposes of the collection, as well as how the information collected is treated and protected.<\/p>\n<p><strong>2 \u2013 Purpose of Collection<\/strong><\/p>\n<p>The data collected is intended only for the legitimate purposes described in this policy.<\/p>\n<p><strong>3 \u2013 Personal Data <\/strong><\/p>\n<p>Only the personal data strictly necessary for the pursuit of its corporate objectives described in this policy and no others are collected.<\/p>\n<p><strong>4- Rights of Data Subjects <\/strong><\/p>\n<p>All data subjects whose data is processed are granted the right to access, rectify, update, limit and erase their personal data (except when the data is essential for compliance with legal obligations to which the data controller is subject), the right to object to the use of the data for commercial purposes and to withdraw consent, without this compromising the lawfulness of the processing already carried out under that consent.<\/p>\n<p><strong>5 \u2013 Data Retention Period<\/strong><\/p>\n<p>The personal data collected will be kept only for the time strictly necessary to pursue the purposes described in this policy.<\/p>\n<p><strong>6 \u2013 Protection Measures<\/strong><\/p>\n<p>The necessary technical and organizational measures will be adopted to protect our customers\u2019 data, ensuring its security, including against unauthorized or unlawful processing, as well as against its loss, destruction or damage.<\/p>\n<p>6.1 &#8211; We undertake to comply with the provisions of this privacy policy.<\/p>\n<p><strong>7- Circumstances of data collection:<\/strong><\/p>\n<p>Within the scope of the commercial relationship, personal data is collected at various times, namely:<\/p>\n<p>When the customer contacts us to obtain a simulation of insurance or to simulate obtaining a credit, to implement pre-contractual procedures and manage the provision of services.<\/p>\n<p>Personal data may be collected in person, by telephone, email or through the website.<\/p>\n<p>If you choose to participate in our activities on social networks, we may collect some information from your account, depending on your service settings, such as: location, activities, interests, photos, profile updates and friends list.<\/p>\n<p>When using our website we may collect other information, through tracking tools, such as cookies (please see our Cookies Policy), IP addresses, username, language, region from which you access the site, browsing preferences, service preferences, logins, number of visits to the website.<\/p>\n<p><strong>8 &#8211; COMMUNICATION OF DATA TO THIRD PARTIES<\/strong><\/p>\n<p>A&nbsp;Vali, Lda, no \u00e2mbito da sua atividade, poder\u00e1 recorrer a terceiros para a presta\u00e7\u00e3o de determinados servi\u00e7os. Por vezes, a presta\u00e7\u00e3o destes servi\u00e7os implica o tratamento, por estas entidades, de dados pessoais dos clientes em nome da&nbsp;Vali, Lda. Whenever this occurs, they are contractually required to guarantee their reputation and to develop appropriate technical and organizational measures to protect data and ensure the defense of the rights of data subjects. In certain circumstances determined by Law, certain personal data may have to be communicated to public authorities, such as tax authorities, courts and security forces.<\/p>\n<p><strong>9 &#8211; Personal Data Breach<\/strong><\/p>\n<p>In the event of a data breach and to the extent that such breach is likely to entail a high risk to the rights and freedoms of the User, Vali, Lda., undertakes to communicate the personal data breach to the data subject in question within 72 hours of becoming aware of the incident.<\/p>\n<p><strong>10 \u2013 Data Controller<\/strong><\/p>\n<p>As empresas Vali Lda, e Cardoso &amp; Piedade Lda, portadoras dos NIPC 518272427 e 518&nbsp;786&nbsp;293 respectivamente, ambas com sede em Rua Manuel Francisco Aleixo, apt 330G, 8135-174, Almancil<\/p>\n<p>To deal with matters\/questions related to the processing of your personal data, you should contact us through the following means:<\/p>\n<p>Telephone: (351) 914464444<\/p>\n<p>Email: <a href=\"mailto:info@trust-investments.pt\">info@trust-investments.pt<\/a><\/p>\n<p>This privacy policy may be revised periodically.<\/p>\t\t\t\t\t\t\t\t<\/div>\n\t\t\t\t<\/div>\n\t\t\t\t\t<\/div>\n\t\t\t\t<\/div>\n\t\t\t\t<\/div>\n\t\t","protected":false},"excerpt":{"rendered":"<p>PRIVACY POLICY This Privacy Policy describes how Vali, Lda and Cardoso &amp; Piedade Lda., process the personal data of its customers in compliance with the provisions of the personal data protection legislation in force, according to Regulation (EU) 2016\/679 of the European Parliament and of the Council, of April 27, 2016 (\u201cGDPR\u201d) 1 \u2013 Data Collection The collection and processing [&hellip;]<\/p>\n","protected":false},"author":1,"featured_media":0,"parent":0,"menu_order":0,"comment_status":"closed","ping_status":"closed","template":"","meta":{"footnotes":""},"class_list":["post-1267","page","type-page","status-publish","hentry"],"_links":{"self":[{"href":"https:\/\/trust-investments.pt\/en\/wp-json\/wp\/v2\/pages\/1267","targetHints":{"allow":["GET"]}}],"collection":[{"href":"https:\/\/trust-investments.pt\/en\/wp-json\/wp\/v2\/pages"}],"about":[{"href":"https:\/\/trust-investments.pt\/en\/wp-json\/wp\/v2\/types\/page"}],"author":[{"embeddable":true,"href":"https:\/\/trust-investments.pt\/en\/wp-json\/wp\/v2\/users\/1"}],"replies":[{"embeddable":true,"href":"https:\/\/trust-investments.pt\/en\/wp-json\/wp\/v2\/comments?post=1267"}],"version-history":[{"count":2,"href":"https:\/\/trust-investments.pt\/en\/wp-json\/wp\/v2\/pages\/1267\/revisions"}],"predecessor-version":[{"id":1336,"href":"https:\/\/trust-investments.pt\/en\/wp-json\/wp\/v2\/pages\/1267\/revisions\/1336"}],"wp:attachment":[{"href":"https:\/\/trust-investments.pt\/en\/wp-json\/wp\/v2\/media?parent=1267"}],"curies":[{"name":"wp","href":"https:\/\/api.w.org\/{rel}","templated":true}]}}