{"id":2880,"date":"2025-11-14T18:27:53","date_gmt":"2025-11-14T17:27:53","guid":{"rendered":"https:\/\/trust-investments.pt\/real-estate\/"},"modified":"2025-11-19T10:49:06","modified_gmt":"2025-11-19T09:49:06","slug":"real-estate","status":"publish","type":"page","link":"https:\/\/trust-investments.pt\/en\/real-estate\/","title":{"rendered":"Real Estate"},"content":{"rendered":"\t\t<div data-elementor-type=\"wp-page\" data-elementor-id=\"2880\" class=\"elementor elementor-2880 elementor-2758\" data-elementor-post-type=\"page\">\n\t\t\t\t\t\t<section class=\"elementor-section elementor-top-section elementor-element elementor-element-6043c1a8 elementor-section-boxed elementor-section-height-default elementor-section-height-default\" data-id=\"6043c1a8\" data-element_type=\"section\" data-settings=\"{&quot;background_background&quot;:&quot;classic&quot;}\">\n\t\t\t\t\t\t\t<div class=\"elementor-background-overlay\"><\/div>\n\t\t\t\t\t\t\t<div class=\"elementor-container elementor-column-gap-default\">\n\t\t\t\t\t<div class=\"elementor-column elementor-col-100 elementor-top-column elementor-element elementor-element-5890a763\" data-id=\"5890a763\" data-element_type=\"column\">\n\t\t\t<div class=\"elementor-widget-wrap elementor-element-populated\">\n\t\t\t\t\t\t<section class=\"elementor-section elementor-inner-section elementor-element elementor-element-5e62875c elementor-section-boxed elementor-section-height-default elementor-section-height-default\" data-id=\"5e62875c\" data-element_type=\"section\">\n\t\t\t\t\t\t<div class=\"elementor-container elementor-column-gap-default\">\n\t\t\t\t\t<div class=\"elementor-column elementor-col-100 elementor-inner-column elementor-element elementor-element-6c27838b\" data-id=\"6c27838b\" data-element_type=\"column\">\n\t\t\t<div class=\"elementor-widget-wrap elementor-element-populated\">\n\t\t\t\t\t\t<div class=\"elementor-element elementor-element-10f32f1a elementor-widget elementor-widget-heading\" data-id=\"10f32f1a\" data-element_type=\"widget\" data-settings=\"{&quot;ekit_we_effect_on&quot;:&quot;none&quot;}\" data-widget_type=\"heading.default\">\n\t\t\t\t<div class=\"elementor-widget-container\">\n\t\t\t\t\t<h2 class=\"elementor-heading-title elementor-size-default\">Real Estate<\/h2>\t\t\t\t<\/div>\n\t\t\t\t<\/div>\n\t\t\t\t\t<\/div>\n\t\t<\/div>\n\t\t\t\t\t<\/div>\n\t\t<\/section>\n\t\t\t\t\t<\/div>\n\t\t<\/div>\n\t\t\t\t\t<\/div>\n\t\t<\/section>\n\t\t\t\t<section class=\"elementor-section elementor-top-section elementor-element elementor-element-7ed3afa2 elementor-section-boxed elementor-section-height-default elementor-section-height-default\" data-id=\"7ed3afa2\" data-element_type=\"section\" data-settings=\"{&quot;background_background&quot;:&quot;classic&quot;}\">\n\t\t\t\t\t\t\t<div class=\"elementor-background-overlay\"><\/div>\n\t\t\t\t\t\t\t<div class=\"elementor-container elementor-column-gap-default\">\n\t\t\t\t\t<div class=\"elementor-column elementor-col-100 elementor-top-column elementor-element elementor-element-6b792bc\" data-id=\"6b792bc\" data-element_type=\"column\">\n\t\t\t<div class=\"elementor-widget-wrap elementor-element-populated\">\n\t\t\t\t<div class=\"elementor-element elementor-element-ff3268e e-flex e-con-boxed e-con e-parent\" data-id=\"ff3268e\" data-element_type=\"container\">\n\t\t\t\t\t<div class=\"e-con-inner\">\n\t\t\t\t<div class=\"elementor-element elementor-element-fa67a2c elementor-widget elementor-widget-elementskit-blog-posts\" data-id=\"fa67a2c\" data-element_type=\"widget\" data-settings=\"{&quot;ekit_we_effect_on&quot;:&quot;none&quot;}\" data-widget_type=\"elementskit-blog-posts.default\">\n\t\t\t\t<div class=\"elementor-widget-container\">\n\t\t\t\t\t<div class=\"ekit-wid-con\" >\n        <div id=\"post-items--fa67a2c\" class=\"row post-items ekit-blog-posts-content wihout-masonry \" data-enable=\"no\">\n\n\t\t\t<!-- Blog Carousel markup render -->\n\t\t\t\n\n            <div class=\"col-md-12\">\n\n                                    <div class=\"elementskit-blog-block-post\">\n                        <div class=\"row no-gutters\">\n                                                            <div class=\"col-md-6 order-1\">\n                                    <a href=\"https:\/\/trust-investments.pt\/en\/2026\/04\/24\/thinking-about-investing-in-portugal-trust-investments\/\" class=\"elementskit-entry-thumb\">\n                                        <img decoding=\"async\" src=\"https:\/\/trust-investments.pt\/wp-content\/uploads\/2026\/04\/invest-in-portugal-we-offer-all-support-management-real-estate-insurance-financing-construction-legal-advice-portiugal-algarve-trust-investments-1024x683.jpg\" alt=\"Thinking about investing in Portugal? Trust Investments\">\n                                    <\/a><!-- .elementskit-entry-thumb END -->\n                                <\/div>\n                            \n                            <div class=\"col-md-6 order-2\">\n                                <div class=\"elementskit-post-body \">\n                                    <div class=\"elementskit-entry-header\">\n                                        \n                                                                                                                                                                        \n                                            \n                                            \t\t\t\t\t\t\t\t\t\t\t\t                <h2 class=\"entry-title\">\n                    <a href=\"https:\/\/trust-investments.pt\/en\/2026\/04\/24\/thinking-about-investing-in-portugal-trust-investments\/\">\n                            Thinking about investing in Portugal? Trust Investments                    <\/a>\n                <\/h2>\n                                                                                                <\/div><!-- .elementskit-entry-header END -->\n\n                                                                            <div class=\"elementskit-post-footer\">\n                                                                                            <p>Thinking about investing in Portugal?Discover the most attractive sectors for investment:TourismPortugal continues to be a growing global destination, especially cities like Lisbon, Porto, and the Algarve region.Real EstateEven with some recent regulation, the real estate market remains attractive, particularly in urban and tourist areas.Technology and startupsLisbon has become an important technology hub, driven by events like the Web Summit.Renewable energyPortugal [&hellip;] <\/p>\n                                                                                                                                <\/div><!-- .elementskit-post-footer END -->\n                                                                    <\/div><!-- .elementskit-post-body END -->\n                            <\/div>\n                        <\/div>\n                    <\/div><!-- .elementskit-blog-block-post .radius .gradient-bg END -->\n                \n            <\/div>\t\t\t\t        <\/div>\n        \n        \n                    <div \n            data-ekit-blog-post-style=\"simple\"\n            class=\"ekit-blog-post-pagination-container ekit-blog-post-pagination-style-simple\" \n            id=\"post-nagivation--fa67a2c\">\n                <span aria-current=\"page\" class=\"page-numbers current\">1<\/span>\n<a class=\"page-numbers\" href=\"https:\/\/trust-investments.pt\/en\/wp-json\/wp\/v2\/pages\/2880\/?ekit-blog-posts-paged=2\">2<\/a>\n<a class=\"page-numbers\" href=\"https:\/\/trust-investments.pt\/en\/wp-json\/wp\/v2\/pages\/2880\/?ekit-blog-posts-paged=3\">3<\/a>\n<span class=\"page-numbers dots\">&hellip;<\/span>\n<a class=\"page-numbers\" href=\"https:\/\/trust-investments.pt\/en\/wp-json\/wp\/v2\/pages\/2880\/?ekit-blog-posts-paged=65\">65<\/a>\n<a class=\"next page-numbers\" href=\"https:\/\/trust-investments.pt\/en\/wp-json\/wp\/v2\/pages\/2880\/?ekit-blog-posts-paged=2\">Next<\/a>            <\/div>\n\n            <\/div>\t\t\t\t<\/div>\n\t\t\t\t<\/div>\n\t\t\t\t\t<\/div>\n\t\t\t\t<\/div>\n\t\t\t\t\t<\/div>\n\t\t<\/div>\n\t\t\t\t\t<\/div>\n\t\t<\/section>\n\t\t\t\t<\/div>\n\t\t","protected":false},"excerpt":{"rendered":"<p>Real Estate O seu parceiro na Gest\u00e3o da Sua propriedade no Algarve (Trust Management) Estar longe da sua propriedade n\u00e3o quer dizer que n\u00e3o tenha os seus bens protegidos e seguros. Visitas regulares \u00e1 sua propriedade, Disponibilidade 24\/07, Apoio log\u00edstico, conhecimento local,Fale com a Trust Management! +351 914 464 444 (WhatsApp)(Chamada para rede m\u00f3vel nacional) info@trust-investments.pt #gestaodePropriedades #trust #investmentsAlgarve #emoresadeGestaoImovies [&hellip;] <\/p>\n","protected":false},"author":1,"featured_media":0,"parent":0,"menu_order":0,"comment_status":"closed","ping_status":"closed","template":"elementor_header_footer","meta":{"footnotes":""},"class_list":["post-2880","page","type-page","status-publish","hentry"],"_links":{"self":[{"href":"https:\/\/trust-investments.pt\/en\/wp-json\/wp\/v2\/pages\/2880","targetHints":{"allow":["GET"]}}],"collection":[{"href":"https:\/\/trust-investments.pt\/en\/wp-json\/wp\/v2\/pages"}],"about":[{"href":"https:\/\/trust-investments.pt\/en\/wp-json\/wp\/v2\/types\/page"}],"author":[{"embeddable":true,"href":"https:\/\/trust-investments.pt\/en\/wp-json\/wp\/v2\/users\/1"}],"replies":[{"embeddable":true,"href":"https:\/\/trust-investments.pt\/en\/wp-json\/wp\/v2\/comments?post=2880"}],"version-history":[{"count":1,"href":"https:\/\/trust-investments.pt\/en\/wp-json\/wp\/v2\/pages\/2880\/revisions"}],"predecessor-version":[{"id":2881,"href":"https:\/\/trust-investments.pt\/en\/wp-json\/wp\/v2\/pages\/2880\/revisions\/2881"}],"wp:attachment":[{"href":"https:\/\/trust-investments.pt\/en\/wp-json\/wp\/v2\/media?parent=2880"}],"curies":[{"name":"wp","href":"https:\/\/api.w.org\/{rel}","templated":true}]}}